{"id":4545,"date":"2020-06-29T09:56:15","date_gmt":"2020-06-29T13:56:15","guid":{"rendered":"https:\/\/finoclient.com\/?page_id=4545"},"modified":"2025-10-03T16:02:04","modified_gmt":"2025-10-03T20:02:04","slug":"main-clients","status":"publish","type":"page","link":"https:\/\/finoclient.com\/en\/our-clients\/main-clients\/","title":{"rendered":"Main Clients"},"content":{"rendered":"\t\t<div data-elementor-type=\"wp-page\" data-elementor-id=\"4545\" class=\"elementor elementor-4545 elementor-3166\" data-elementor-post-type=\"page\">\n\t\t\t\t\t\t<section class=\"elementor-section elementor-top-section elementor-element elementor-element-62c3d93f elementor-section-full_width elementor-section-height-min-height elementor-section-height-default elementor-section-items-middle\" data-id=\"62c3d93f\" data-element_type=\"section\" data-e-type=\"section\" data-settings=\"{&quot;background_background&quot;:&quot;classic&quot;,&quot;background_motion_fx_motion_fx_scrolling&quot;:&quot;yes&quot;,&quot;background_motion_fx_translateY_effect&quot;:&quot;yes&quot;,&quot;background_motion_fx_translateY_direction&quot;:&quot;negative&quot;,&quot;background_motion_fx_translateY_speed&quot;:{&quot;unit&quot;:&quot;px&quot;,&quot;size&quot;:2,&quot;sizes&quot;:[]},&quot;background_motion_fx_translateY_affectedRange&quot;:{&quot;unit&quot;:&quot;%&quot;,&quot;size&quot;:&quot;&quot;,&quot;sizes&quot;:{&quot;start&quot;:50,&quot;end&quot;:100}},&quot;motion_fx_motion_fx_scrolling&quot;:&quot;yes&quot;,&quot;motion_fx_opacity_effect&quot;:&quot;yes&quot;,&quot;motion_fx_opacity_direction&quot;:&quot;in-out&quot;,&quot;motion_fx_opacity_range&quot;:{&quot;unit&quot;:&quot;%&quot;,&quot;size&quot;:&quot;&quot;,&quot;sizes&quot;:{&quot;start&quot;:68,&quot;end&quot;:100}},&quot;background_motion_fx_devices&quot;:[&quot;desktop&quot;,&quot;laptop&quot;,&quot;tablet&quot;,&quot;mobile&quot;],&quot;motion_fx_opacity_level&quot;:{&quot;unit&quot;:&quot;px&quot;,&quot;size&quot;:10,&quot;sizes&quot;:[]},&quot;motion_fx_devices&quot;:[&quot;desktop&quot;,&quot;laptop&quot;,&quot;tablet&quot;,&quot;mobile&quot;]}\">\n\t\t\t\t\t\t<div class=\"elementor-container elementor-column-gap-no\">\n\t\t\t\t\t<div class=\"elementor-column elementor-col-100 elementor-top-column elementor-element elementor-element-312cf45\" data-id=\"312cf45\" data-element_type=\"column\" data-e-type=\"column\">\n\t\t\t<div class=\"elementor-widget-wrap\">\n\t\t\t\t\t\t\t<\/div>\n\t\t<\/div>\n\t\t\t\t\t<\/div>\n\t\t<\/section>\n\t\t\t\t<section class=\"elementor-section elementor-top-section elementor-element elementor-element-d81598d elementor-section-boxed elementor-section-height-default elementor-section-height-default\" data-id=\"d81598d\" data-element_type=\"section\" data-e-type=\"section\">\n\t\t\t\t\t\t<div class=\"elementor-container elementor-column-gap-default\">\n\t\t\t\t\t<div class=\"elementor-column elementor-col-100 elementor-top-column elementor-element elementor-element-eecabf3\" data-id=\"eecabf3\" data-element_type=\"column\" data-e-type=\"column\">\n\t\t\t<div class=\"elementor-widget-wrap elementor-element-populated\">\n\t\t\t\t\t\t<div class=\"elementor-element elementor-element-97cc853 elementor-widget elementor-widget-spacer\" data-id=\"97cc853\" data-element_type=\"widget\" data-e-type=\"widget\" data-widget_type=\"spacer.default\">\n\t\t\t\t<div class=\"elementor-widget-container\">\n\t\t\t\t\t\t\t<div class=\"elementor-spacer\">\n\t\t\t<div class=\"elementor-spacer-inner\"><\/div>\n\t\t<\/div>\n\t\t\t\t\t\t<\/div>\n\t\t\t\t<\/div>\n\t\t\t\t<div class=\"elementor-element elementor-element-bc31211 elementor-widget elementor-widget-image\" data-id=\"bc31211\" data-element_type=\"widget\" data-e-type=\"widget\" data-widget_type=\"image.default\">\n\t\t\t\t<div class=\"elementor-widget-container\">\n\t\t\t\t\t\t\t\t\t\t\t\t\t\t\t<img decoding=\"async\" src=\"https:\/\/finoclient.com\/wp-content\/uploads\/elementor\/thumbs\/fino_favicon2-1-qmj2net9jhjo23u5en4t35tmlo4vus84r35zrnrnxk.png\" title=\"fino_favicon2.png\" alt=\"fino_favicon2.png\" loading=\"lazy\" \/>\t\t\t\t\t\t\t\t\t\t\t\t\t\t\t<\/div>\n\t\t\t\t<\/div>\n\t\t\t\t<div class=\"elementor-element elementor-element-7e50552 elementor-widget elementor-widget-heading\" data-id=\"7e50552\" data-element_type=\"widget\" data-e-type=\"widget\" data-widget_type=\"heading.default\">\n\t\t\t\t<div class=\"elementor-widget-container\">\n\t\t\t\t\t<h1 class=\"elementor-heading-title elementor-size-default\">Main Clients<\/h1>\t\t\t\t<\/div>\n\t\t\t\t<\/div>\n\t\t\t\t\t<\/div>\n\t\t<\/div>\n\t\t\t\t\t<\/div>\n\t\t<\/section>\n\t\t\t\t<section class=\"elementor-section elementor-top-section elementor-element elementor-element-3d94d35 elementor-section-boxed elementor-section-height-default elementor-section-height-default\" data-id=\"3d94d35\" data-element_type=\"section\" data-e-type=\"section\">\n\t\t\t\t\t\t<div class=\"elementor-container elementor-column-gap-default\">\n\t\t\t\t\t<div class=\"elementor-column elementor-col-100 elementor-top-column elementor-element elementor-element-b2c622a\" data-id=\"b2c622a\" data-element_type=\"column\" data-e-type=\"column\">\n\t\t\t<div class=\"elementor-widget-wrap elementor-element-populated\">\n\t\t\t\t\t\t<div class=\"elementor-element elementor-element-0eb362f elementor-widget elementor-widget-text-editor\" data-id=\"0eb362f\" data-element_type=\"widget\" data-e-type=\"widget\" data-widget_type=\"text-editor.default\">\n\t\t\t\t<div class=\"elementor-widget-container\">\n\t\t\t\t\t\t\t\t\t<h2 style=\"text-align: center;\"><strong style=\"color: #00a84f;\">A Clientele\u2026 That Isn\u2019t Really One<\/strong><\/h2><p style=\"text-align: center;\">Because our customers are the true experts in their industry, we enthusiastically partner with them to achieve common goals. That&#8217;s our top priority. Our know-how.<\/p>\t\t\t\t\t\t\t\t<\/div>\n\t\t\t\t<\/div>\n\t\t\t\t\t<\/div>\n\t\t<\/div>\n\t\t\t\t\t<\/div>\n\t\t<\/section>\n\t\t\t\t<section class=\"elementor-section elementor-top-section elementor-element elementor-element-008b511 elementor-section-boxed elementor-section-height-default elementor-section-height-default\" data-id=\"008b511\" data-element_type=\"section\" data-e-type=\"section\" data-settings=\"{&quot;background_background&quot;:&quot;classic&quot;}\">\n\t\t\t\t\t\t<div class=\"elementor-container elementor-column-gap-default\">\n\t\t\t\t\t<div class=\"elementor-column elementor-col-100 elementor-top-column elementor-element elementor-element-8f5ac93\" data-id=\"8f5ac93\" data-element_type=\"column\" data-e-type=\"column\">\n\t\t\t<div class=\"elementor-widget-wrap elementor-element-populated\">\n\t\t\t\t\t\t<div class=\"elementor-element elementor-element-8b01720 elementor-widget elementor-widget-text-editor\" data-id=\"8b01720\" data-element_type=\"widget\" data-e-type=\"widget\" data-widget_type=\"text-editor.default\">\n\t\t\t\t<div class=\"elementor-widget-container\">\n\t\t\t\t\t\t\t\t\t<h2>OUR MAIN CLIENTS IN MARKETING RESEARCH AND CX &amp; VoC PLATFORMS<\/h2>\t\t\t\t\t\t\t\t<\/div>\n\t\t\t\t<\/div>\n\t\t\t\t<section class=\"elementor-section elementor-inner-section elementor-element elementor-element-6381420 elementor-section-boxed elementor-section-height-default elementor-section-height-default\" data-id=\"6381420\" data-element_type=\"section\" data-e-type=\"section\">\n\t\t\t\t\t\t<div class=\"elementor-container elementor-column-gap-default\">\n\t\t\t\t\t<div class=\"elementor-column elementor-col-33 elementor-inner-column elementor-element elementor-element-10941aa\" data-id=\"10941aa\" data-element_type=\"column\" data-e-type=\"column\">\n\t\t\t<div class=\"elementor-widget-wrap elementor-element-populated\">\n\t\t\t\t\t\t<div class=\"elementor-element elementor-element-d3d56b4 elementor-widget elementor-widget-text-editor\" data-id=\"d3d56b4\" data-element_type=\"widget\" data-e-type=\"widget\" data-widget_type=\"text-editor.default\">\n\t\t\t\t<div class=\"elementor-widget-container\">\n\t\t\t\t\t\t\t\t\t<ul><li>Autorit\u00e9 r\u00e9gionale de transport m\u00e9tropolitain (ARTM)<\/li><li>Bang Marketing<\/li><li>Balnea<\/li><li>Bureau d\u2019assurance du Canada<\/li><li><span style=\"background-color: transparent;\">Commission de la construction du Qu\u00e9bec (CCQ)<\/span><\/li><li><span style=\"background-color: transparent;\">Conseil de l&#8217;innovation du Qu\u00e9bec\u00a0<\/span><\/li><li><span style=\"background-color: transparent;\">Econoler<\/span><\/li><li>\u00c9nergir<\/li><li>Enbridge Gaz Qu\u00e9bec<\/li><li>Entreprendre Sherbrooke<\/li><li>Exo<\/li><\/ul>\t\t\t\t\t\t\t\t<\/div>\n\t\t\t\t<\/div>\n\t\t\t\t\t<\/div>\n\t\t<\/div>\n\t\t\t\t<div class=\"elementor-column elementor-col-33 elementor-inner-column elementor-element elementor-element-cb6c141\" data-id=\"cb6c141\" data-element_type=\"column\" data-e-type=\"column\">\n\t\t\t<div class=\"elementor-widget-wrap elementor-element-populated\">\n\t\t\t\t\t\t<div class=\"elementor-element elementor-element-31de705 elementor-widget elementor-widget-text-editor\" data-id=\"31de705\" data-element_type=\"widget\" data-e-type=\"widget\" data-widget_type=\"text-editor.default\">\n\t\t\t\t<div class=\"elementor-widget-container\">\n\t\t\t\t\t\t\t\t\t<ul><li>Futur Simple<\/li><li>F\u00e9d\u00e9ration des coop\u00e9ratives fun\u00e9raires du Qu\u00e9bec<\/li><li>F\u00e9d\u00e9ration des chambres de commerce du Qu\u00e9bec<\/li><li>Fonds de solidarit\u00e9 FTQ<\/li><li>GMP \u00c9nergie<\/li><li>HEC Montr\u00e9al<\/li><li>Hydro-Qu\u00e9bec<\/li><li><span style=\"background-color: transparent;\">Ipsos<\/span><\/li><li>La Presse<\/li><li>Lou-Tec<\/li><li>Ordre des ing\u00e9nieurs du Qu\u00e9bec<\/li><\/ul>\t\t\t\t\t\t\t\t<\/div>\n\t\t\t\t<\/div>\n\t\t\t\t\t<\/div>\n\t\t<\/div>\n\t\t\t\t<div class=\"elementor-column elementor-col-33 elementor-inner-column elementor-element elementor-element-0bfe95e\" data-id=\"0bfe95e\" data-element_type=\"column\" data-e-type=\"column\">\n\t\t\t<div class=\"elementor-widget-wrap elementor-element-populated\">\n\t\t\t\t\t\t<div class=\"elementor-element elementor-element-a3fe0d3 elementor-widget elementor-widget-text-editor\" data-id=\"a3fe0d3\" data-element_type=\"widget\" data-e-type=\"widget\" data-widget_type=\"text-editor.default\">\n\t\t\t\t<div class=\"elementor-widget-container\">\n\t\t\t\t\t\t\t\t\t<ul><li>R\u00e9gie de l&#8217;assurance maladie du Qu\u00e9bec (RAMQ)<\/li><li>Services Triad<\/li><li>Soci\u00e9t\u00e9 de d\u00e9veloppement des entreprises culturelles (SODEC)<\/li><li>Soci\u00e9t\u00e9 de transport de Montr\u00e9al (STM)<\/li><li>Soci\u00e9t\u00e9 de transport de Sherbrooke (STS)<\/li><li>Solaxis Ingenious Manufacturing<\/li><li>T\u00e9l\u00e9-Qu\u00e9bec<\/li><li>Tourisme Cantons-de-l\u2019Est<\/li><li>Toromont Cat<\/li><li>Universit\u00e9 de Sherbrooke<\/li><li>Ville de Sherbrooke<\/li><\/ul>\t\t\t\t\t\t\t\t<\/div>\n\t\t\t\t<\/div>\n\t\t\t\t\t<\/div>\n\t\t<\/div>\n\t\t\t\t\t<\/div>\n\t\t<\/section>\n\t\t\t\t\t<\/div>\n\t\t<\/div>\n\t\t\t\t\t<\/div>\n\t\t<\/section>\n\t\t\t\t<section class=\"elementor-section elementor-top-section elementor-element elementor-element-81521ea elementor-section-boxed elementor-section-height-default elementor-section-height-default\" data-id=\"81521ea\" data-element_type=\"section\" data-e-type=\"section\" data-settings=\"{&quot;background_background&quot;:&quot;classic&quot;}\">\n\t\t\t\t\t\t<div class=\"elementor-container elementor-column-gap-default\">\n\t\t\t\t\t<div class=\"elementor-column elementor-col-100 elementor-top-column elementor-element elementor-element-b8c320e\" data-id=\"b8c320e\" data-element_type=\"column\" data-e-type=\"column\">\n\t\t\t<div class=\"elementor-widget-wrap elementor-element-populated\">\n\t\t\t\t\t\t<div class=\"elementor-element elementor-element-e6311db elementor-widget elementor-widget-text-editor\" data-id=\"e6311db\" data-element_type=\"widget\" data-e-type=\"widget\" data-widget_type=\"text-editor.default\">\n\t\t\t\t<div class=\"elementor-widget-container\">\n\t\t\t\t\t\t\t\t\t<h2 style=\"text-align: center;\">OUR MAIN CLIENTS IN CLIENT CONTACT<\/h2>\t\t\t\t\t\t\t\t<\/div>\n\t\t\t\t<\/div>\n\t\t\t\t<section class=\"elementor-section elementor-inner-section elementor-element elementor-element-7a2df2b elementor-section-boxed elementor-section-height-default elementor-section-height-default\" data-id=\"7a2df2b\" data-element_type=\"section\" data-e-type=\"section\">\n\t\t\t\t\t\t<div class=\"elementor-container elementor-column-gap-default\">\n\t\t\t\t\t<div class=\"elementor-column elementor-col-33 elementor-inner-column elementor-element elementor-element-b25daa9\" data-id=\"b25daa9\" data-element_type=\"column\" data-e-type=\"column\">\n\t\t\t<div class=\"elementor-widget-wrap elementor-element-populated\">\n\t\t\t\t\t\t<div class=\"elementor-element elementor-element-3b018fe elementor-widget elementor-widget-text-editor\" data-id=\"3b018fe\" data-element_type=\"widget\" data-e-type=\"widget\" data-widget_type=\"text-editor.default\">\n\t\t\t\t<div class=\"elementor-widget-container\">\n\t\t\t\t\t\t\t\t\t<ul><li><span style=\"background-color: transparent;\">Agendrix<\/span><\/li><li><span style=\"background-color: transparent;\">BEE Confort<\/span><\/li><li><span style=\"background-color: transparent;\">Club des petits d\u00e9jeuners<\/span><\/li><\/ul>\t\t\t\t\t\t\t\t<\/div>\n\t\t\t\t<\/div>\n\t\t\t\t\t<\/div>\n\t\t<\/div>\n\t\t\t\t<div class=\"elementor-column elementor-col-33 elementor-inner-column elementor-element elementor-element-172cf93\" data-id=\"172cf93\" data-element_type=\"column\" data-e-type=\"column\">\n\t\t\t<div class=\"elementor-widget-wrap elementor-element-populated\">\n\t\t\t\t\t\t<div class=\"elementor-element elementor-element-6baa668 elementor-widget elementor-widget-text-editor\" data-id=\"6baa668\" data-element_type=\"widget\" data-e-type=\"widget\" data-widget_type=\"text-editor.default\">\n\t\t\t\t<div class=\"elementor-widget-container\">\n\t\t\t\t\t\t\t\t\t<ul><li>Giustimmo gestion immobili\u00e8re<\/li><li><span style=\"background-color: transparent; font-family: var( --e-global-typography-text-font-family ), Helvetica, Arial, Sans-serif; font-weight: var( --e-global-typography-text-font-weight );\">Groupe Sani Marc<\/span><\/li><li><span style=\"background-color: transparent;\">GMP \u00c9nergie<\/span><\/li><\/ul>\t\t\t\t\t\t\t\t<\/div>\n\t\t\t\t<\/div>\n\t\t\t\t\t<\/div>\n\t\t<\/div>\n\t\t\t\t<div class=\"elementor-column elementor-col-33 elementor-inner-column elementor-element elementor-element-ff8f890\" data-id=\"ff8f890\" data-element_type=\"column\" data-e-type=\"column\">\n\t\t\t<div class=\"elementor-widget-wrap elementor-element-populated\">\n\t\t\t\t\t\t<div class=\"elementor-element elementor-element-06e7932 elementor-widget elementor-widget-text-editor\" data-id=\"06e7932\" data-element_type=\"widget\" data-e-type=\"widget\" data-widget_type=\"text-editor.default\">\n\t\t\t\t<div class=\"elementor-widget-container\">\n\t\t\t\t\t\t\t\t\t<ul><li>Lumii Solutions (IHR T\u00e9l\u00e9com)<\/li><li><span style=\"background-color: transparent;\">Sept 24<\/span><\/li><\/ul>\t\t\t\t\t\t\t\t<\/div>\n\t\t\t\t<\/div>\n\t\t\t\t\t<\/div>\n\t\t<\/div>\n\t\t\t\t\t<\/div>\n\t\t<\/section>\n\t\t\t\t\t<\/div>\n\t\t<\/div>\n\t\t\t\t\t<\/div>\n\t\t<\/section>\n\t\t\t\t<section class=\"elementor-section elementor-top-section elementor-element elementor-element-7fafa537 elementor-section-boxed elementor-section-height-default elementor-section-height-default\" data-id=\"7fafa537\" data-element_type=\"section\" data-e-type=\"section\" data-settings=\"{&quot;background_background&quot;:&quot;classic&quot;}\">\n\t\t\t\t\t\t<div class=\"elementor-container elementor-column-gap-default\">\n\t\t\t\t\t<div class=\"elementor-column elementor-col-100 elementor-top-column elementor-element elementor-element-651161d3\" data-id=\"651161d3\" data-element_type=\"column\" data-e-type=\"column\">\n\t\t\t<div class=\"elementor-widget-wrap elementor-element-populated\">\n\t\t\t\t\t\t<div class=\"elementor-element elementor-element-1785575c elementor-widget elementor-widget-heading\" data-id=\"1785575c\" data-element_type=\"widget\" data-e-type=\"widget\" data-widget_type=\"heading.default\">\n\t\t\t\t<div class=\"elementor-widget-container\">\n\t\t\t\t\t<h2 class=\"elementor-heading-title elementor-size-default\">WANT TO KNOW MORE ABOUT FINO? <\/h2>\t\t\t\t<\/div>\n\t\t\t\t<\/div>\n\t\t\t\t<div class=\"elementor-element elementor-element-62fac833 elementor-widget elementor-widget-text-editor\" data-id=\"62fac833\" data-element_type=\"widget\" data-e-type=\"widget\" data-widget_type=\"text-editor.default\">\n\t\t\t\t<div class=\"elementor-widget-container\">\n\t\t\t\t\t\t\t\t\t<p>WE WOULD BE HAPPY TO DISCUSS WITH YOU HOW WE CAN MEET YOUR SPECIFIC NEEDS. CONTACT US.<\/p>\t\t\t\t\t\t\t\t<\/div>\n\t\t\t\t<\/div>\n\t\t\t\t<div class=\"elementor-element elementor-element-78c3f47a elementor-align-center elementor-widget elementor-widget-button\" data-id=\"78c3f47a\" data-element_type=\"widget\" data-e-type=\"widget\" data-widget_type=\"button.default\">\n\t\t\t\t<div class=\"elementor-widget-container\">\n\t\t\t\t\t\t\t\t\t<div class=\"elementor-button-wrapper\">\n\t\t\t\t\t<a class=\"elementor-button elementor-button-link elementor-size-lg\" href=\"\/en\/contact\">\n\t\t\t\t\t\t<span class=\"elementor-button-content-wrapper\">\n\t\t\t\t\t\t\t\t\t<span class=\"elementor-button-text\">CONTACT US<\/span>\n\t\t\t\t\t<\/span>\n\t\t\t\t\t<\/a>\n\t\t\t\t<\/div>\n\t\t\t\t\t\t\t\t<\/div>\n\t\t\t\t<\/div>\n\t\t\t\t\t<\/div>\n\t\t<\/div>\n\t\t\t\t\t<\/div>\n\t\t<\/section>\n\t\t\t\t<\/div>\n\t\t","protected":false},"excerpt":{"rendered":"<p>A Clientele\u2026 That Isn\u2019t Really One Because our customers are the true experts in their industry, we enthusiastically partner with them to achieve common goals. That&#8217;s our top priority. Our know-how. OUR MAIN CLIENTS IN MARKETING RESEARCH AND CX &amp; VoC PLATFORMS Autorit\u00e9 r\u00e9gionale de transport m\u00e9tropolitain (ARTM) Bang Marketing Balnea Bureau d\u2019assurance du Canada [&hellip;]<\/p>\n","protected":false},"author":2,"featured_media":4343,"parent":4543,"menu_order":4,"comment_status":"closed","ping_status":"closed","template":"","meta":{"_acf_changed":false,"inline_featured_image":false,"footnotes":""},"class_list":["post-4545","page","type-page","status-publish","has-post-thumbnail","hentry"],"acf":[],"_links":{"self":[{"href":"https:\/\/finoclient.com\/en\/wp-json\/wp\/v2\/pages\/4545","targetHints":{"allow":["GET"]}}],"collection":[{"href":"https:\/\/finoclient.com\/en\/wp-json\/wp\/v2\/pages"}],"about":[{"href":"https:\/\/finoclient.com\/en\/wp-json\/wp\/v2\/types\/page"}],"author":[{"embeddable":true,"href":"https:\/\/finoclient.com\/en\/wp-json\/wp\/v2\/users\/2"}],"replies":[{"embeddable":true,"href":"https:\/\/finoclient.com\/en\/wp-json\/wp\/v2\/comments?post=4545"}],"version-history":[{"count":34,"href":"https:\/\/finoclient.com\/en\/wp-json\/wp\/v2\/pages\/4545\/revisions"}],"predecessor-version":[{"id":10182,"href":"https:\/\/finoclient.com\/en\/wp-json\/wp\/v2\/pages\/4545\/revisions\/10182"}],"up":[{"embeddable":true,"href":"https:\/\/finoclient.com\/en\/wp-json\/wp\/v2\/pages\/4543"}],"wp:featuredmedia":[{"embeddable":true,"href":"https:\/\/finoclient.com\/en\/wp-json\/wp\/v2\/media\/4343"}],"wp:attachment":[{"href":"https:\/\/finoclient.com\/en\/wp-json\/wp\/v2\/media?parent=4545"}],"curies":[{"name":"wp","href":"https:\/\/api.w.org\/{rel}","templated":true}]}}