{"id":4562,"date":"2020-07-01T07:03:45","date_gmt":"2020-07-01T11:03:45","guid":{"rendered":"https:\/\/finoclient.com\/?page_id=4562"},"modified":"2024-05-15T11:56:57","modified_gmt":"2024-05-15T15:56:57","slug":"career","status":"publish","type":"page","link":"https:\/\/finoclient.com\/en\/about-us\/career\/","title":{"rendered":"Career"},"content":{"rendered":"\t\t<div data-elementor-type=\"wp-page\" data-elementor-id=\"4562\" class=\"elementor elementor-4562 elementor-3588\" data-elementor-post-type=\"page\">\n\t\t\t\t\t\t<section class=\"elementor-section elementor-top-section elementor-element elementor-element-62c3d93f elementor-section-full_width elementor-section-height-min-height elementor-section-height-default elementor-section-items-middle\" data-id=\"62c3d93f\" data-element_type=\"section\" data-e-type=\"section\" data-settings=\"{&quot;background_background&quot;:&quot;classic&quot;,&quot;background_motion_fx_motion_fx_scrolling&quot;:&quot;yes&quot;,&quot;background_motion_fx_translateY_effect&quot;:&quot;yes&quot;,&quot;background_motion_fx_translateY_direction&quot;:&quot;negative&quot;,&quot;background_motion_fx_translateY_speed&quot;:{&quot;unit&quot;:&quot;px&quot;,&quot;size&quot;:2,&quot;sizes&quot;:[]},&quot;background_motion_fx_translateY_affectedRange&quot;:{&quot;unit&quot;:&quot;%&quot;,&quot;size&quot;:&quot;&quot;,&quot;sizes&quot;:{&quot;start&quot;:50,&quot;end&quot;:100}},&quot;motion_fx_motion_fx_scrolling&quot;:&quot;yes&quot;,&quot;motion_fx_opacity_effect&quot;:&quot;yes&quot;,&quot;motion_fx_opacity_direction&quot;:&quot;in-out&quot;,&quot;motion_fx_opacity_range&quot;:{&quot;unit&quot;:&quot;%&quot;,&quot;size&quot;:&quot;&quot;,&quot;sizes&quot;:{&quot;start&quot;:68,&quot;end&quot;:100}},&quot;background_motion_fx_devices&quot;:[&quot;desktop&quot;,&quot;laptop&quot;,&quot;tablet&quot;,&quot;mobile&quot;],&quot;motion_fx_opacity_level&quot;:{&quot;unit&quot;:&quot;px&quot;,&quot;size&quot;:10,&quot;sizes&quot;:[]},&quot;motion_fx_devices&quot;:[&quot;desktop&quot;,&quot;laptop&quot;,&quot;tablet&quot;,&quot;mobile&quot;]}\">\n\t\t\t\t\t\t<div class=\"elementor-container elementor-column-gap-no\">\n\t\t\t\t\t<div class=\"elementor-column elementor-col-100 elementor-top-column elementor-element elementor-element-312cf45\" data-id=\"312cf45\" data-element_type=\"column\" data-e-type=\"column\">\n\t\t\t<div class=\"elementor-widget-wrap\">\n\t\t\t\t\t\t\t<\/div>\n\t\t<\/div>\n\t\t\t\t\t<\/div>\n\t\t<\/section>\n\t\t\t\t<section class=\"elementor-section elementor-top-section elementor-element elementor-element-d81598d elementor-section-boxed elementor-section-height-default elementor-section-height-default\" data-id=\"d81598d\" data-element_type=\"section\" data-e-type=\"section\">\n\t\t\t\t\t\t<div class=\"elementor-container elementor-column-gap-default\">\n\t\t\t\t\t<div class=\"elementor-column elementor-col-100 elementor-top-column elementor-element elementor-element-eecabf3\" data-id=\"eecabf3\" data-element_type=\"column\" data-e-type=\"column\">\n\t\t\t<div class=\"elementor-widget-wrap elementor-element-populated\">\n\t\t\t\t\t\t<div class=\"elementor-element elementor-element-97cc853 elementor-widget elementor-widget-spacer\" data-id=\"97cc853\" data-element_type=\"widget\" data-e-type=\"widget\" data-widget_type=\"spacer.default\">\n\t\t\t\t<div class=\"elementor-widget-container\">\n\t\t\t\t\t\t\t<div class=\"elementor-spacer\">\n\t\t\t<div class=\"elementor-spacer-inner\"><\/div>\n\t\t<\/div>\n\t\t\t\t\t\t<\/div>\n\t\t\t\t<\/div>\n\t\t\t\t<div class=\"elementor-element elementor-element-bc31211 elementor-widget elementor-widget-image\" data-id=\"bc31211\" data-element_type=\"widget\" data-e-type=\"widget\" data-widget_type=\"image.default\">\n\t\t\t\t<div class=\"elementor-widget-container\">\n\t\t\t\t\t\t\t\t\t\t\t\t\t\t\t<img decoding=\"async\" src=\"https:\/\/finoclient.com\/wp-content\/uploads\/elementor\/thumbs\/fino_favicon2-1-qmj2net9jhjo23u5en4t35tmlo4vus84r35zrnrnxk.png\" title=\"fino_favicon2.png\" alt=\"fino_favicon2.png\" loading=\"lazy\" \/>\t\t\t\t\t\t\t\t\t\t\t\t\t\t\t<\/div>\n\t\t\t\t<\/div>\n\t\t\t\t<div class=\"elementor-element elementor-element-7e50552 elementor-widget elementor-widget-heading\" data-id=\"7e50552\" data-element_type=\"widget\" data-e-type=\"widget\" data-widget_type=\"heading.default\">\n\t\t\t\t<div class=\"elementor-widget-container\">\n\t\t\t\t\t<h1 class=\"elementor-heading-title elementor-size-default\">Career<\/h1>\t\t\t\t<\/div>\n\t\t\t\t<\/div>\n\t\t\t\t\t<\/div>\n\t\t<\/div>\n\t\t\t\t\t<\/div>\n\t\t<\/section>\n\t\t\t\t<section class=\"elementor-section elementor-top-section elementor-element elementor-element-fa54b60 elementor-section-boxed elementor-section-height-default elementor-section-height-default\" data-id=\"fa54b60\" data-element_type=\"section\" data-e-type=\"section\" data-settings=\"{&quot;background_background&quot;:&quot;classic&quot;}\">\n\t\t\t\t\t\t<div class=\"elementor-container elementor-column-gap-default\">\n\t\t\t\t\t<div class=\"elementor-column elementor-col-100 elementor-top-column elementor-element elementor-element-2a0a527\" data-id=\"2a0a527\" data-element_type=\"column\" data-e-type=\"column\">\n\t\t\t<div class=\"elementor-widget-wrap elementor-element-populated\">\n\t\t\t\t\t\t<div class=\"elementor-element elementor-element-575da70 elementor-widget elementor-widget-text-editor\" data-id=\"575da70\" data-element_type=\"widget\" data-e-type=\"widget\" data-widget_type=\"text-editor.default\">\n\t\t\t\t<div class=\"elementor-widget-container\">\n\t\t\t\t\t\t\t\t\t<h2 style=\"text-align: center;\">WE PUT PEOPLE FIRST<\/h2>\t\t\t\t\t\t\t\t<\/div>\n\t\t\t\t<\/div>\n\t\t\t\t<div class=\"elementor-element elementor-element-b3c0c39 elementor-widget elementor-widget-text-editor\" data-id=\"b3c0c39\" data-element_type=\"widget\" data-e-type=\"widget\" data-widget_type=\"text-editor.default\">\n\t\t\t\t<div class=\"elementor-widget-container\">\n\t\t\t\t\t\t\t\t\t<p style=\"text-align: center;\">The most important resource for a service company is each and every member of its staff. For this reason, we value people who are inspired, motivated and who stand out for their discourse, intelligence, talent and creativity. Our success relies on our team, much more than on our work tools. Our clients appreciate the benefits of a strong team, and we are proud of that.<\/p>\t\t\t\t\t\t\t\t<\/div>\n\t\t\t\t<\/div>\n\t\t\t\t<div class=\"elementor-element elementor-element-198e102 elementor-widget elementor-widget-text-editor\" data-id=\"198e102\" data-element_type=\"widget\" data-e-type=\"widget\" data-widget_type=\"text-editor.default\">\n\t\t\t\t<div class=\"elementor-widget-container\">\n\t\t\t\t\t\t\t\t\t<p><strong>Choosing <em>Fino<\/em>&#8230;<\/strong><\/p>\n<ul>\n<li>To join a team that values collaboration, mutual support and recognition of each individual&#8217;s talents and skills;<\/li>\n<li>To evolve in a dynamic environment where humanity, adaptability and customer focus are at the heart of daily operations;<\/li>\n<li>To evolve within an innovative organization.<br><br><\/li>\n<\/ul>\n<p><strong>A whole range of benefits and opportunities available to you at<em> Fino<\/em><\/strong><\/p>\n<ul>\n<li>Work-study balance &#8220;Studies are my priority&#8221;;<\/li>\n<li>Work-life balance;<\/li>\n<li>Schedules tailored to your availability;<\/li>\n<li>Possibility of telecommuting;<\/li>\n<li>Free parking;<\/li>\n<li>Easily accessible by bus;<\/li>\n<li>Employer-organized social activities;<\/li>\n<li>Discounted access to <em>Caf\u00e9 G\u00e9og\u00e8ne<\/em>;<\/li>\n<li>Full group insurance for permanent employees.<br><br><\/li>\n<\/ul>\n<p><strong>The following positions are currently open<\/strong><\/p>\n<ul>\n<li>Specialized outbound agent &#8211; Customer contact center<\/li>\n<li>Specialized customer service agent &#8211; Customer contact center<\/li>\n<\/ul>\t\t\t\t\t\t\t\t<\/div>\n\t\t\t\t<\/div>\n\t\t\t\t\t<\/div>\n\t\t<\/div>\n\t\t\t\t\t<\/div>\n\t\t<\/section>\n\t\t\t\t<section class=\"elementor-section elementor-top-section elementor-element elementor-element-4eed2dd elementor-section-boxed elementor-section-height-default elementor-section-height-default\" data-id=\"4eed2dd\" data-element_type=\"section\" data-e-type=\"section\">\n\t\t\t\t\t\t<div class=\"elementor-container elementor-column-gap-default\">\n\t\t\t\t\t<div class=\"elementor-column elementor-col-100 elementor-top-column elementor-element elementor-element-d187a1c\" data-id=\"d187a1c\" data-element_type=\"column\" data-e-type=\"column\">\n\t\t\t<div class=\"elementor-widget-wrap elementor-element-populated\">\n\t\t\t\t\t\t<div class=\"elementor-element elementor-element-ae8033f elementor-widget elementor-widget-htcontactform-addons\" data-id=\"ae8033f\" data-element_type=\"widget\" data-e-type=\"widget\" data-widget_type=\"htcontactform-addons.default\">\n\t\t\t\t<div class=\"elementor-widget-container\">\n\t\t\t\t\t            <div class=\"htcontact-form-wrapper\" >\n                \n<div class=\"wpcf7 no-js\" id=\"wpcf7-f4552-o1\" lang=\"fr-CA\" dir=\"ltr\" data-wpcf7-id=\"4552\">\n<div class=\"screen-reader-response\"><p role=\"status\" aria-live=\"polite\" aria-atomic=\"true\"><\/p> <ul><\/ul><\/div>\n<form action=\"\/en\/wp-json\/wp\/v2\/pages\/4562#wpcf7-f4552-o1\" method=\"post\" class=\"wpcf7-form init\" aria-label=\"Contact form\" enctype=\"multipart\/form-data\" novalidate=\"novalidate\" data-status=\"init\">\n<fieldset class=\"hidden-fields-container\"><input type=\"hidden\" name=\"_wpcf7\" value=\"4552\" \/><input type=\"hidden\" name=\"_wpcf7_version\" value=\"6.1.5\" \/><input type=\"hidden\" name=\"_wpcf7_locale\" value=\"fr_CA\" \/><input type=\"hidden\" name=\"_wpcf7_unit_tag\" value=\"wpcf7-f4552-o1\" \/><input type=\"hidden\" name=\"_wpcf7_container_post\" value=\"0\" \/><input type=\"hidden\" name=\"_wpcf7_posted_data_hash\" value=\"\" \/><input type=\"hidden\" name=\"_wpcf7_recaptcha_response\" value=\"\" \/>\n<\/fieldset>\n<style>\nspan.wpcf7-list-item {\n display: block;\n margin-left: 0;\n margin-top: 2px;\n}\nspan.wpcf7-list-item input {\n margin-left: 0!important;\n margin-top: 0px;\n}\ninput.wpcf7-free-text {\n display: block;\n width: 48%\n}\ninput.wpcf7-free-text:disabled {\n display: none!important;\n}\n.redStar{\n color:red;\n}\n.wpcf7-list-item-label{\n font-weight: normal;\n}\n<\/style>\n<p><strong>Desired position(s)<\/strong><span class=\"redStar\">*<\/span>\n<\/p>\n<p><span class=\"wpcf7-form-control-wrap\" data-name=\"Emploi\"><span class=\"wpcf7-form-control wpcf7-checkbox wpcf7-validates-as-required\" id=\"emploi\"><span class=\"wpcf7-list-item first\"><label><input type=\"checkbox\" name=\"Emploi[]\" value=\"Agent specializing in events\" \/><span class=\"wpcf7-list-item-label\">Agent specializing in events<\/span><\/label><\/span><span class=\"wpcf7-list-item\"><label><input type=\"checkbox\" name=\"Emploi[]\" value=\"Agent specialized in business development\" \/><span class=\"wpcf7-list-item-label\">Agent specialized in business development<\/span><\/label><\/span><span class=\"wpcf7-list-item\"><label><input type=\"checkbox\" name=\"Emploi[]\" value=\"Agent specialized in customer service\" \/><span class=\"wpcf7-list-item-label\">Agent specialized in customer service<\/span><\/label><\/span><span class=\"wpcf7-list-item last has-free-text\"><label><input type=\"checkbox\" name=\"Emploi[]\" value=\"Other\" \/><span class=\"wpcf7-list-item-label\">Other<\/span><\/label> <input type=\"text\" name=\"_wpcf7_free_text_Emploi\" class=\"wpcf7-free-text\" \/><\/span><\/span><\/span>\n<\/p>\n<div class=\"clearfix\">\n\t<div class=\"left\">\n\t\t<p>Last Name <span class=\"redStar\">*<\/span><br \/>\n<span class=\"wpcf7-form-control-wrap\" data-name=\"nom-famille\"><input size=\"40\" maxlength=\"400\" class=\"wpcf7-form-control wpcf7-text wpcf7-validates-as-required\" aria-required=\"true\" aria-invalid=\"false\" value=\"\" type=\"text\" name=\"nom-famille\" \/><\/span>\n\t\t<\/p>\n\t<\/div>\n\t<div class=\"right\">\n\t\t<p>First Name <span class=\"redStar\">*<\/span><br \/>\n<span class=\"wpcf7-form-control-wrap\" data-name=\"prenom\"><input size=\"40\" maxlength=\"400\" class=\"wpcf7-form-control wpcf7-text wpcf7-validates-as-required\" aria-required=\"true\" aria-invalid=\"false\" value=\"\" type=\"text\" name=\"prenom\" \/><\/span>\n\t\t<\/p>\n\t<\/div>\n<\/div>\n<p>Address <span class=\"redStar\">*<\/span><br \/>\n<span class=\"wpcf7-form-control-wrap\" data-name=\"adresse\"><input size=\"40\" maxlength=\"400\" class=\"wpcf7-form-control wpcf7-text wpcf7-validates-as-required\" aria-required=\"true\" aria-invalid=\"false\" value=\"\" type=\"text\" name=\"adresse\" \/><\/span>\n<\/p>\n<div class=\"clearfix\">\n\t<div class=\"left\">\n\t\t<p>Phone - Cell (xxx-xxx-xxxx)<br \/>\n<span class=\"wpcf7-form-control-wrap\" data-name=\"cellulaire\"><input size=\"40\" maxlength=\"400\" class=\"wpcf7-form-control wpcf7-text\" aria-invalid=\"false\" value=\"\" type=\"text\" name=\"cellulaire\" \/><\/span>\n\t\t<\/p>\n\t<\/div>\n\t<div class=\"right\">\n\t\t<p>Phone - Residence (xxx-xxx-xxxx)<br \/>\n<span class=\"wpcf7-form-control-wrap\" data-name=\"telephone\"><input size=\"40\" maxlength=\"400\" class=\"wpcf7-form-control wpcf7-text\" aria-invalid=\"false\" value=\"\" type=\"text\" name=\"telephone\" \/><\/span>\n\t\t<\/p>\n\t<\/div>\n<\/div>\n<p>Email <span class=\"redStar\">*<\/span><br \/>\n<span class=\"wpcf7-form-control-wrap\" data-name=\"courriel\"><input size=\"40\" maxlength=\"400\" class=\"wpcf7-form-control wpcf7-email wpcf7-validates-as-required wpcf7-text wpcf7-validates-as-email\" aria-required=\"true\" aria-invalid=\"false\" value=\"\" type=\"email\" name=\"courriel\" \/><\/span>\n<\/p>\n<p><strong>How did you hear about Fino ?<\/strong>\n<\/p>\n<p><span class=\"wpcf7-form-control-wrap\" data-name=\"reference\"><span class=\"wpcf7-form-control wpcf7-radio\"><span class=\"wpcf7-list-item first\"><label><input type=\"radio\" name=\"reference\" value=\"Jobilico\" \/><span class=\"wpcf7-list-item-label\">Jobilico<\/span><\/label><\/span><span class=\"wpcf7-list-item\"><label><input type=\"radio\" name=\"reference\" value=\"Facebook\" \/><span class=\"wpcf7-list-item-label\">Facebook<\/span><\/label><\/span><span class=\"wpcf7-list-item\"><label><input type=\"radio\" name=\"reference\" value=\"Linkedin\" \/><span class=\"wpcf7-list-item-label\">Linkedin<\/span><\/label><\/span><span class=\"wpcf7-list-item\"><label><input type=\"radio\" name=\"reference\" value=\"Word of mouth\" \/><span class=\"wpcf7-list-item-label\">Word of mouth<\/span><\/label><\/span><span class=\"wpcf7-list-item last has-free-text\"><label><input type=\"radio\" name=\"reference\" value=\"Other\" \/><span class=\"wpcf7-list-item-label\">Other<\/span><\/label> <input type=\"text\" name=\"_wpcf7_free_text_reference\" class=\"wpcf7-free-text\" \/><\/span><\/span><\/span>\n<\/p>\n<p><strong>REFERRAL<\/strong>\n<\/p>\n<p><span class=\"wpcf7-form-control-wrap\" data-name=\"referencement\"><input size=\"40\" maxlength=\"400\" class=\"wpcf7-form-control wpcf7-text\" aria-invalid=\"false\" value=\"\" type=\"text\" name=\"referencement\" \/><\/span>\n<\/p>\n<p><strong>SELF-EVALUATION<\/strong>\n<\/p>\n<div class=\"clearfix\">\n\t<div class=\"left\">\n\t\t<p>English Level (spoken and comprehension) <span class=\"redStar\">*<\/span><br \/>\n<span class=\"wpcf7-form-control-wrap\" data-name=\"anglais\"><select class=\"wpcf7-form-control wpcf7-select wpcf7-validates-as-required\" aria-required=\"true\" aria-invalid=\"false\" name=\"anglais\"><option value=\"\">&#8212;Please choose an option&#8212;<\/option><option value=\"1 - Poor\">1 - Poor<\/option><option value=\"2\">2<\/option><option value=\"3\">3<\/option><option value=\"4\">4<\/option><option value=\"5 - Very good\">5 - Very good<\/option><\/select><\/span>\n\t\t<\/p>\n\t\t<p>Computer Skills <span class=\"redStar\">*<\/span><br \/>\n<span class=\"wpcf7-form-control-wrap\" data-name=\"informatique\"><select class=\"wpcf7-form-control wpcf7-select wpcf7-validates-as-required\" aria-required=\"true\" aria-invalid=\"false\" name=\"informatique\"><option value=\"\">&#8212;Please choose an option&#8212;<\/option><option value=\"1 - Poor\">1 - Poor<\/option><option value=\"2\">2<\/option><option value=\"3\">3<\/option><option value=\"4\">4<\/option><option value=\"5 - Very good\">5 - Very good<\/option><\/select><\/span>\n\t\t<\/p>\n\t\t<p>Call center experience <span class=\"redStar\">*<\/span><br \/>\n<span class=\"wpcf7-form-control-wrap\" data-name=\"exp_centre_appel\"><select class=\"wpcf7-form-control wpcf7-select wpcf7-validates-as-required\" aria-required=\"true\" aria-invalid=\"false\" name=\"exp_centre_appel\"><option value=\"\">&#8212;Please choose an option&#8212;<\/option><option value=\"None\">None<\/option><option value=\"Less than a year\">Less than a year<\/option><option value=\"1 to 3 years\">1 to 3 years<\/option><option value=\"3 to 5 years\">3 to 5 years<\/option><option value=\"More than 5 years\">More than 5 years<\/option><\/select><\/span>\n\t\t<\/p>\n\t<\/div>\n\t<div class=\"right\">\n\t\t<p>French Level (spoken and comprehension) <span class=\"redStar\">*<\/span><br \/>\n<span class=\"wpcf7-form-control-wrap\" data-name=\"francais\"><select class=\"wpcf7-form-control wpcf7-select wpcf7-validates-as-required\" aria-required=\"true\" aria-invalid=\"false\" name=\"francais\"><option value=\"\">&#8212;Please choose an option&#8212;<\/option><option value=\"1 - Poor\">1 - Poor<\/option><option value=\"2\">2<\/option><option value=\"3\">3<\/option><option value=\"4\">4<\/option><option value=\"5 - Very good\">5 - Very good<\/option><\/select><\/span>\n\t\t<\/p>\n\t\t<p>Experience with customers (e.g.: retail, restaurant, hotel, etc.) <span class=\"redStar\">*<\/span><br \/>\n<span class=\"wpcf7-form-control-wrap\" data-name=\"exp_client\"><select class=\"wpcf7-form-control wpcf7-select wpcf7-validates-as-required\" aria-required=\"true\" aria-invalid=\"false\" name=\"exp_client\"><option value=\"\">&#8212;Please choose an option&#8212;<\/option><option value=\"None\">None<\/option><option value=\"Less than a year\">Less than a year<\/option><option value=\"1 to 3 years\">1 to 3 years<\/option><option value=\"3 to 5 years\">3 to 5 years<\/option><option value=\"More than 5 years\">More than 5 years<\/option><\/select><\/span>\n\t\t<\/p>\n\t<\/div>\n<\/div>\n<div class=\"fusion-layout-column fusion-spacing-yes fusion-one-full\" style=\"margin-bottom: 0px\">\n\t<p>Please attach an electronic copy of your resume (accepted format: .doc \/ .docx \/ .pdf \/ .rtf and .txt)<span class=\"redStar\">*<\/span>:\n\t<\/p>\n\t<p><span class=\"wpcf7-form-control-wrap\" data-name=\"cv\"><input size=\"40\" class=\"wpcf7-form-control wpcf7-file wpcf7-validates-as-required\" accept=\".pdf,.doc,.docx,.rtf,.txt\" aria-required=\"true\" aria-invalid=\"false\" type=\"file\" name=\"cv\" \/><\/span>\n\t<\/p>\n<\/div>\n<p><strong>AVAILABILITY<\/strong>\n<\/p>\n<p>Are you currently employed? <span class=\"redStar\">*<\/span><br \/>\n<span class=\"wpcf7-form-control-wrap\" data-name=\"job\"><select class=\"wpcf7-form-control wpcf7-select wpcf7-validates-as-required\" aria-required=\"true\" aria-invalid=\"false\" name=\"job\"><option value=\"\">&#8212;Please choose an option&#8212;<\/option><option value=\"Yes\">Yes<\/option><option value=\"No\">No<\/option><\/select><\/span>\n<\/p>\n<p>What type of employment are you seeking?<span class=\"redStar\">*<\/span>\n<\/p>\n<p><span class=\"wpcf7-form-control-wrap\" data-name=\"emploi_recherche\"><select class=\"wpcf7-form-control wpcf7-select wpcf7-validates-as-required\" aria-required=\"true\" aria-invalid=\"false\" name=\"emploi_recherche\"><option value=\"\">&#8212;Please choose an option&#8212;<\/option><option value=\"Full-time\">Full-time<\/option><option value=\"Part-time\">Part-time<\/option><\/select><\/span>\n<\/p>\n<p>How many hours per week would you like to work? <span class=\"redStar\">*<\/span>\n<\/p>\n<p><span class=\"wpcf7-form-control-wrap\" data-name=\"heures\"><select class=\"wpcf7-form-control wpcf7-select wpcf7-validates-as-required\" aria-required=\"true\" aria-invalid=\"false\" name=\"heures\"><option value=\"\">&#8212;Please choose an option&#8212;<\/option><option value=\"Less than 10 hours\">Less than 10 hours<\/option><option value=\"10 to 15 hours\">10 to 15 hours<\/option><option value=\"15 to 20 hours\">15 to 20 hours<\/option><option value=\"20 to 30 hours\">20 to 30 hours<\/option><option value=\"More than 30 hours\">More than 30 hours<\/option><\/select><\/span>\n<\/p>\n<p>When would you be available to start? (format: mm\/dd\/yyyy) <span class=\"redStar\">*<\/span><br \/>\n<span class=\"wpcf7-form-control-wrap\" data-name=\"dispo\"><input class=\"wpcf7-form-control wpcf7-date wpcf7-validates-as-required wpcf7-validates-as-date\" aria-required=\"true\" aria-invalid=\"false\" value=\"\" type=\"date\" name=\"dispo\" \/><\/span>\n<\/p>\n<p><span id=\"wpcf7-69d3ddfbd225b-wrapper\" class=\"wpcf7-form-control-wrap business-wrap\" style=\"display:none !important; visibility:hidden !important;\"><label for=\"wpcf7-69d3ddfbd225b-field\" class=\"hp-message\">Please leave this field empty.<\/label><input id=\"wpcf7-69d3ddfbd225b-field\"  class=\"wpcf7-form-control wpcf7-text\" type=\"text\" name=\"business\" value=\"\" size=\"40\" tabindex=\"-1\" autocomplete=\"new-password\" \/><\/span>\n<\/p>\n<p><input class=\"wpcf7-form-control wpcf7-submit has-spinner\" type=\"submit\" value=\"Send\" \/>\n<\/p><div class=\"wpcf7-response-output\" aria-hidden=\"true\"><\/div>\n<\/form>\n<\/div>\n            <\/div>\n\n        \t\t\t\t<\/div>\n\t\t\t\t<\/div>\n\t\t\t\t\t<\/div>\n\t\t<\/div>\n\t\t\t\t\t<\/div>\n\t\t<\/section>\n\t\t\t\t<\/div>\n\t\t","protected":false},"excerpt":{"rendered":"<p>WE PUT PEOPLE FIRST The most important resource for a service company is each and every member of its staff. For this reason, we value people who are inspired, motivated and who stand out for their discourse, intelligence, talent and creativity. Our success relies on our team, much more than on our work tools. Our [&hellip;]<\/p>\n","protected":false},"author":2,"featured_media":4340,"parent":4219,"menu_order":6,"comment_status":"closed","ping_status":"closed","template":"","meta":{"_acf_changed":false,"inline_featured_image":false,"footnotes":""},"class_list":["post-4562","page","type-page","status-publish","has-post-thumbnail","hentry"],"acf":[],"_links":{"self":[{"href":"https:\/\/finoclient.com\/en\/wp-json\/wp\/v2\/pages\/4562","targetHints":{"allow":["GET"]}}],"collection":[{"href":"https:\/\/finoclient.com\/en\/wp-json\/wp\/v2\/pages"}],"about":[{"href":"https:\/\/finoclient.com\/en\/wp-json\/wp\/v2\/types\/page"}],"author":[{"embeddable":true,"href":"https:\/\/finoclient.com\/en\/wp-json\/wp\/v2\/users\/2"}],"replies":[{"embeddable":true,"href":"https:\/\/finoclient.com\/en\/wp-json\/wp\/v2\/comments?post=4562"}],"version-history":[{"count":29,"href":"https:\/\/finoclient.com\/en\/wp-json\/wp\/v2\/pages\/4562\/revisions"}],"predecessor-version":[{"id":9462,"href":"https:\/\/finoclient.com\/en\/wp-json\/wp\/v2\/pages\/4562\/revisions\/9462"}],"up":[{"embeddable":true,"href":"https:\/\/finoclient.com\/en\/wp-json\/wp\/v2\/pages\/4219"}],"wp:featuredmedia":[{"embeddable":true,"href":"https:\/\/finoclient.com\/en\/wp-json\/wp\/v2\/media\/4340"}],"wp:attachment":[{"href":"https:\/\/finoclient.com\/en\/wp-json\/wp\/v2\/media?parent=4562"}],"curies":[{"name":"wp","href":"https:\/\/api.w.org\/{rel}","templated":true}]}}